{"id":16,"date":"2020-09-16T18:54:00","date_gmt":"2020-09-16T18:54:00","guid":{"rendered":"https:\/\/fechsrs.com.br\/site\/?page_id=16"},"modified":"2021-04-15T22:54:32","modified_gmt":"2021-04-15T22:54:32","slug":"quem-somos","status":"publish","type":"page","link":"https:\/\/fechsrs.com.br\/site\/quem-somos\/","title":{"rendered":"Quem Somos"},"content":{"rendered":"\t\t<div data-elementor-type=\"wp-page\" data-elementor-id=\"16\" class=\"elementor elementor-16\">\n\t\t\t\t\t\t<div class=\"elementor-inner\">\n\t\t\t\t<div class=\"elementor-section-wrap\">\n\t\t\t\t\t\t\t\t\t<section class=\"elementor-section elementor-top-section elementor-element elementor-element-051a7cf elementor-section-boxed elementor-section-height-default elementor-section-height-default\" data-id=\"051a7cf\" data-element_type=\"section\">\n\t\t\t\t\t\t<div class=\"elementor-container elementor-column-gap-default\">\n\t\t\t\t\t\t\t<div class=\"elementor-row\">\n\t\t\t\t\t<div class=\"elementor-column elementor-col-100 elementor-top-column elementor-element elementor-element-2ec4187\" data-id=\"2ec4187\" data-element_type=\"column\">\n\t\t\t<div class=\"elementor-column-wrap elementor-element-populated\">\n\t\t\t\t\t\t\t<div class=\"elementor-widget-wrap\">\n\t\t\t\t\t\t<div class=\"elementor-element elementor-element-df0cd13 elementor-widget elementor-widget-text-editor\" data-id=\"df0cd13\" data-element_type=\"widget\" data-widget_type=\"text-editor.default\">\n\t\t\t\t<div class=\"elementor-widget-container\">\n\t\t\t\t\t\t\t\t<div class=\"elementor-text-editor elementor-clearfix\">\n\t\t\t\t<p><strong><img decoding=\"async\" loading=\"lazy\" class=\" wp-image-23 alignleft\" src=\"https:\/\/fechsrs.com.br\/site\/wp-content\/uploads\/2020\/09\/fechsrs.jpg\" alt=\"\" width=\"196\" height=\"191\" \/><\/strong>A\u00a0<strong>FEDERA\u00c7\u00c3O DOS EMPREGADOS NO COM\u00c9RCIO HOTELEIRO, <\/strong><strong>RESTAURANTES, BARES E SIMILARES DO ESTADO DO RIO <\/strong><strong>GRANDE DO SUL \u2013 FECHRS-RS<\/strong>, foi fundada em 20 de julho de 1989.<\/p><p>Sediada na cidade de Porto Alegre, Capital do Estado do Rio Grande do Sul, a entidade representa em dimens\u00e3o estadual aproximadamente 50 mil trabalhadores do segmento do Com\u00e9rcio Hoteleiro, Restaurantes, Bares, Similares, Estabelecimentos de Hospedagem, Alimenta\u00e7\u00e3o Preparada, Spas e Lavanderia.<\/p><p>Conta com 12 Sindicatos filiados, estando representada em todas as regi\u00f5es de nosso Estado. Ao longo de mais de 30 anos de exist\u00eancia, a FECHRS-RS legitimou e solidificou sua representa\u00e7\u00e3o na prote\u00e7\u00e3o, defesa e representa\u00e7\u00e3o legal dos direitos e interesses coletivos e individuais da categoria profissional que representa, comprovando, por meio das lutas sociais que defende, a ideal compet\u00eancia para dar voz as trabalhadoras e trabalhadores, que s\u00e3o os respons\u00e1veis pela grandeza de nossa cidade, de nosso Estado e de nosso Pa\u00eds. Temos nossos ideais na honra, na dignidade e acima de tudo, na valoriza\u00e7\u00e3o da classe trabalhadora. A diretoria da Federa\u00e7\u00e3o ser\u00e1 incans\u00e1vel, na luta por uma sociedade mais justa e igualit\u00e1ria entre homens e mulheres, com acesso a Educa\u00e7\u00e3o de Qualidade, Trabalho, Divers\u00e3o e SA\u00daDE.<\/p><p>Gest\u00e3o 2020\/2025 da FECHRS-RS.<\/p>\t\t\t\t\t<\/div>\n\t\t\t\t\t\t<\/div>\n\t\t\t\t<\/div>\n\t\t\t\t\t\t<\/div>\n\t\t\t\t\t<\/div>\n\t\t<\/div>\n\t\t\t\t\t\t\t\t<\/div>\n\t\t\t\t\t<\/div>\n\t\t<\/section>\n\t\t\t\t\t\t\t\t\t<\/div>\n\t\t\t<\/div>\n\t\t\t\t\t<\/div>\n\t\t","protected":false},"excerpt":{"rendered":"<p>A\u00a0FEDERA\u00c7\u00c3O DOS EMPREGADOS NO COM\u00c9RCIO HOTELEIRO, RESTAURANTES, BARES E SIMILARES DO ESTADO DO RIO GRANDE DO SUL \u2013 FECHRS-RS, foi fundada em 20 de julho de 1989. Sediada na cidade de Porto Alegre, Capital do Estado do Rio Grande do Sul, a entidade representa em dimens\u00e3o estadual aproximadamente 50 mil trabalhadores do segmento do Com\u00e9rcio [&hellip;]<\/p>\n","protected":false},"author":1,"featured_media":0,"parent":0,"menu_order":0,"comment_status":"closed","ping_status":"closed","template":"elementor_header_footer","meta":[],"_links":{"self":[{"href":"https:\/\/fechsrs.com.br\/site\/wp-json\/wp\/v2\/pages\/16"}],"collection":[{"href":"https:\/\/fechsrs.com.br\/site\/wp-json\/wp\/v2\/pages"}],"about":[{"href":"https:\/\/fechsrs.com.br\/site\/wp-json\/wp\/v2\/types\/page"}],"author":[{"embeddable":true,"href":"https:\/\/fechsrs.com.br\/site\/wp-json\/wp\/v2\/users\/1"}],"replies":[{"embeddable":true,"href":"https:\/\/fechsrs.com.br\/site\/wp-json\/wp\/v2\/comments?post=16"}],"version-history":[{"count":8,"href":"https:\/\/fechsrs.com.br\/site\/wp-json\/wp\/v2\/pages\/16\/revisions"}],"predecessor-version":[{"id":179,"href":"https:\/\/fechsrs.com.br\/site\/wp-json\/wp\/v2\/pages\/16\/revisions\/179"}],"wp:attachment":[{"href":"https:\/\/fechsrs.com.br\/site\/wp-json\/wp\/v2\/media?parent=16"}],"curies":[{"name":"wp","href":"https:\/\/api.w.org\/{rel}","templated":true}]}}